{"id":1034,"date":"2023-10-06T11:19:37","date_gmt":"2023-10-06T11:19:37","guid":{"rendered":"https:\/\/casadoprincipe.com\/location\/"},"modified":"2024-02-15T18:30:29","modified_gmt":"2024-02-15T18:30:29","slug":"location","status":"publish","type":"page","link":"https:\/\/casadoprincipe.com\/en\/location\/","title":{"rendered":"Location"},"content":{"rendered":"\t\t<div data-elementor-type=\"wp-page\" data-elementor-id=\"1034\" class=\"elementor elementor-1034 elementor-29\" data-elementor-post-type=\"page\">\n\t\t\t\t<div class=\"elementor-element elementor-element-c15e116 e-con-full e-flex e-con e-parent\" data-id=\"c15e116\" data-element_type=\"container\" data-core-v316-plus=\"true\">\n\t\t\t\t<div class=\"elementor-element elementor-element-b1183c9 elementor-widget elementor-widget-google_maps\" data-id=\"b1183c9\" data-element_type=\"widget\" data-widget_type=\"google_maps.default\">\n\t\t\t\t<div class=\"elementor-widget-container\">\n\t\t\t<style>\/*! elementor - v3.20.0 - 11-03-2024 *\/\n.elementor-widget-google_maps .elementor-widget-container{overflow:hidden}.elementor-widget-google_maps .elementor-custom-embed{line-height:0}.elementor-widget-google_maps iframe{height:300px}<\/style>\t\t<div class=\"elementor-custom-embed\">\n\t\t\t<iframe loading=\"lazy\"\n\t\t\t\t\tsrc=\"https:\/\/maps.google.com\/maps?q=Casa%20do%20Pr%C3%ADncipe&#038;t=m&#038;z=15&#038;output=embed&#038;iwloc=near\"\n\t\t\t\t\ttitle=\"Casa do Pr\u00edncipe\"\n\t\t\t\t\taria-label=\"Casa do Pr\u00edncipe\"\n\t\t\t><\/iframe>\n\t\t<\/div>\n\t\t\t\t<\/div>\n\t\t\t\t<\/div>\n\t\t\t\t<\/div>\n\t\t<div class=\"elementor-element elementor-element-bf5a7d0 e-con-full e-flex e-con e-parent\" data-id=\"bf5a7d0\" data-element_type=\"container\" data-core-v316-plus=\"true\">\n\t\t<div class=\"elementor-element elementor-element-97e179f e-con-full e-flex e-con e-child\" data-id=\"97e179f\" data-element_type=\"container\" data-settings=\"{&quot;background_background&quot;:&quot;classic&quot;}\">\n\t\t\t\t<div class=\"elementor-element elementor-element-6fd4828 elementor-widget elementor-widget-heading\" data-id=\"6fd4828\" data-element_type=\"widget\" data-widget_type=\"heading.default\">\n\t\t\t\t<div class=\"elementor-widget-container\">\n\t\t\t<style>\/*! elementor - v3.20.0 - 11-03-2024 *\/\n.elementor-heading-title{padding:0;margin:0;line-height:1}.elementor-widget-heading .elementor-heading-title[class*=elementor-size-]>a{color:inherit;font-size:inherit;line-height:inherit}.elementor-widget-heading .elementor-heading-title.elementor-size-small{font-size:15px}.elementor-widget-heading .elementor-heading-title.elementor-size-medium{font-size:19px}.elementor-widget-heading .elementor-heading-title.elementor-size-large{font-size:29px}.elementor-widget-heading .elementor-heading-title.elementor-size-xl{font-size:39px}.elementor-widget-heading .elementor-heading-title.elementor-size-xxl{font-size:59px}<\/style><h1 class=\"elementor-heading-title elementor-size-default\">as one of the city\u00b4s best located accommodations, casa do pr\u00edncipe can claim pride of place in its setting: the pr\u00edncipe real square (pra\u00e7a do pr\u00edncipe real), one of the main historic neighborhoods right in the heart of lisbon.<\/h1>\t\t<\/div>\n\t\t\t\t<\/div>\n\t\t\t\t<\/div>\n\t\t<div class=\"elementor-element elementor-element-fbc7300 e-con-full e-flex e-con e-child\" data-id=\"fbc7300\" data-element_type=\"container\" data-settings=\"{&quot;background_background&quot;:&quot;classic&quot;}\">\n\t\t\t\t<div class=\"elementor-element elementor-element-b7afd44 elementor-widget elementor-widget-heading\" data-id=\"b7afd44\" data-element_type=\"widget\" data-widget_type=\"heading.default\">\n\t\t\t\t<div class=\"elementor-widget-container\">\n\t\t\t<h2 class=\"elementor-heading-title elementor-size-default\">Casa do Pr\u00edncipe puts you within walking distance of the most daring stores and renowned tourist attractions<\/h2>\t\t<\/div>\n\t\t\t\t<\/div>\n\t\t\t\t<div class=\"elementor-element elementor-element-c081751 elementor-widget elementor-widget-text-editor\" data-id=\"c081751\" data-element_type=\"widget\" data-widget_type=\"text-editor.default\">\n\t\t\t\t<div class=\"elementor-widget-container\">\n\t\t\t<style>\/*! elementor - v3.20.0 - 11-03-2024 *\/\n.elementor-widget-text-editor.elementor-drop-cap-view-stacked .elementor-drop-cap{background-color:#69727d;color:#fff}.elementor-widget-text-editor.elementor-drop-cap-view-framed .elementor-drop-cap{color:#69727d;border:3px solid;background-color:transparent}.elementor-widget-text-editor:not(.elementor-drop-cap-view-default) .elementor-drop-cap{margin-top:8px}.elementor-widget-text-editor:not(.elementor-drop-cap-view-default) .elementor-drop-cap-letter{width:1em;height:1em}.elementor-widget-text-editor .elementor-drop-cap{float:left;text-align:center;line-height:1;font-size:50px}.elementor-widget-text-editor .elementor-drop-cap-letter{display:inline-block}<\/style>\t\t\t\t<p>the pra\u00e7a do pr\u00edncipe real is the cosmopolitan and trendy face of lisbon, with some of the most stylish shops, concept and traditional restaurants and, overall, to some, the most fashionable and happening area of lisbon.<\/p>\n<p>With a privileged location, it faces the well-known Pr\u00edncipe Real garden and the Botanical Garden, just a step away from the iconic Bairro Alto (1 min. walking) and at walking distance from other historic areas such as Chiado, Rossio, Avenida da Liberdade, and the vibrant Cais do Sodr\u00e9 with the hip Mercado da Ribeira foodmarket. Casa do Pr\u00edncipe is at a short distance from Lisbon\u2019s main cultural landmarks and is set in the perfect place to give you an unforgettable experience of Lisbon.<\/p>\n<p>Regarding accessibility to other city points:<\/p>\n<ul>\n<li>there is a taxi-stop at the square, as well as buses and a subway station (Rato) at a 7 min. walking distance.<\/li>\n<li>The historic streetcar 24 passes outside Casa do Pr\u00edncipe and can take you from Chiado to Largo do Rato.<\/li>\n<li>You can also find the Elevador da Gl\u00f3ria just around the corner from the Miradouro de S. Pedro de Alc\u00e2ntara, which will take you to Baixa Pombalina to visit Pra\u00e7a dos Restauradores (where you can catch a train to Sintra).<\/li>\n<li>A little further down, at Cais do Sodr\u00e9, you can also take the train to Estoril or Cascais, the famous fishing villages just outside Lisbon.<\/li>\n<\/ul>\n<p>When planning your trip, know that Casa do Pr\u00edncipe is just a 15-minute drive from Lisbon airport. Please let us know your travel plans so that we can advise you on the best way to reach us.<\/p>\n\t\t\t\t\t\t<\/div>\n\t\t\t\t<\/div>\n\t\t\t\t<\/div>\n\t\t\t\t<\/div>\n\t\t\t\t<\/div>\n\t\t","protected":false},"excerpt":{"rendered":"<p>as one of the city\u00b4s best located accommodations, casa do pr\u00edncipe can claim pride of place in its setting: the pr\u00edncipe real square (pra\u00e7a do pr\u00edncipe real), one of the main historic neighborhoods right in the heart of lisbon. Casa do Pr\u00edncipe puts you within walking distance of the most daring stores and renowned tourist [&hellip;]<\/p>\n","protected":false},"author":2,"featured_media":0,"parent":0,"menu_order":5,"comment_status":"closed","ping_status":"closed","template":"","meta":{"inline_featured_image":false,"footnotes":""},"class_list":["post-1034","page","type-page","status-publish","hentry"],"_links":{"self":[{"href":"https:\/\/casadoprincipe.com\/en\/wp-json\/wp\/v2\/pages\/1034","targetHints":{"allow":["GET"]}}],"collection":[{"href":"https:\/\/casadoprincipe.com\/en\/wp-json\/wp\/v2\/pages"}],"about":[{"href":"https:\/\/casadoprincipe.com\/en\/wp-json\/wp\/v2\/types\/page"}],"author":[{"embeddable":true,"href":"https:\/\/casadoprincipe.com\/en\/wp-json\/wp\/v2\/users\/2"}],"replies":[{"embeddable":true,"href":"https:\/\/casadoprincipe.com\/en\/wp-json\/wp\/v2\/comments?post=1034"}],"version-history":[{"count":4,"href":"https:\/\/casadoprincipe.com\/en\/wp-json\/wp\/v2\/pages\/1034\/revisions"}],"predecessor-version":[{"id":1495,"href":"https:\/\/casadoprincipe.com\/en\/wp-json\/wp\/v2\/pages\/1034\/revisions\/1495"}],"wp:attachment":[{"href":"https:\/\/casadoprincipe.com\/en\/wp-json\/wp\/v2\/media?parent=1034"}],"curies":[{"name":"wp","href":"https:\/\/api.w.org\/{rel}","templated":true}]}}